{"id":255,"date":"2022-10-03T14:13:59","date_gmt":"2022-10-03T14:13:59","guid":{"rendered":"https:\/\/fakespottingproject.eu\/?page_id=255"},"modified":"2024-02-08T22:27:55","modified_gmt":"2024-02-08T22:27:55","slug":"home","status":"publish","type":"page","link":"https:\/\/fakespottingproject.eu\/es\/","title":{"rendered":"Hogar"},"content":{"rendered":"<div data-elementor-type=\"wp-page\" data-elementor-id=\"255\" class=\"elementor elementor-255\">\n\t\t\t\t\t\t<section class=\"elementor-section elementor-top-section elementor-element elementor-element-38e43c80 elementor-section-stretched elementor-section-full_width elementor-section-height-default elementor-section-height-default\" data-id=\"38e43c80\" data-element_type=\"section\" data-e-type=\"section\" data-settings=\"{&quot;stretch_section&quot;:&quot;section-stretched&quot;,&quot;background_background&quot;:&quot;classic&quot;}\">\n\t\t\t\t\t\t\t<div class=\"elementor-background-overlay\"><\/div>\n\t\t\t\t\t\t\t<div class=\"elementor-container elementor-column-gap-default\">\n\t\t\t\t\t<div class=\"elementor-column elementor-col-100 elementor-top-column elementor-element elementor-element-4c458359\" data-id=\"4c458359\" data-element_type=\"column\" data-e-type=\"column\" data-settings=\"{&quot;background_background&quot;:&quot;gradient&quot;}\">\n\t\t\t<div class=\"elementor-widget-wrap elementor-element-populated\">\n\t\t\t\t\t\t<section class=\"elementor-section elementor-inner-section elementor-element elementor-element-3a1d5ef7 elementor-section-full_width elementor-section-height-default elementor-section-height-default\" data-id=\"3a1d5ef7\" data-element_type=\"section\" data-e-type=\"section\" data-settings=\"{&quot;background_background&quot;:&quot;classic&quot;}\">\n\t\t\t\t\t\t<div class=\"elementor-container elementor-column-gap-default\">\n\t\t\t\t\t<div class=\"elementor-column elementor-col-50 elementor-inner-column elementor-element elementor-element-d20ec88\" data-id=\"d20ec88\" data-element_type=\"column\" data-e-type=\"column\" data-settings=\"{&quot;background_background&quot;:&quot;classic&quot;}\">\n\t\t\t<div class=\"elementor-widget-wrap elementor-element-populated\">\n\t\t\t\t\t\t<div class=\"elementor-element elementor-element-9541fe3 elementor-widget elementor-widget-heading\" data-id=\"9541fe3\" data-element_type=\"widget\" data-e-type=\"widget\" data-widget_type=\"heading.default\">\n\t\t\t\t<div class=\"elementor-widget-container\">\n\t\t\t\t\t<h3 class=\"elementor-heading-title elementor-size-default\">\u00a1Bienvenida\/o a la formaci\u00f3n Fakespotting!<\/h3>\t\t\t\t<\/div>\n\t\t\t\t<\/div>\n\t\t\t\t<div class=\"elementor-element elementor-element-5231615 elementor-widget elementor-widget-text-editor\" data-id=\"5231615\" data-element_type=\"widget\" data-e-type=\"widget\" data-widget_type=\"text-editor.default\">\n\t\t\t\t<div class=\"elementor-widget-container\">\n\t\t\t\t\t\t\t\t\t<p><span style=\"color: #ffffff;\"><\/span><\/p>\n<p><span style=\"color: #ffffff;\">A trav\u00e9s de sus <strong>6 m\u00f3dulos<\/strong>, podr\u00e1s aprender qu\u00e9 es la desinformaci\u00f3n, c\u00f3mo detectarla, y herramientas para poder combatirla.<\/span><\/p>\n<p class=\"translation-block\">Esta formaci\u00f3n forma parte de un <strong>Proyecto Europeo del programa Erasmus+<\/strong> , y ha sido creada por profesionales de la informaci\u00f3n, profesores universitarios y formadores de Italia, Espa\u00f1a, Albania, Eslovaquia, Serbia y Macedonia del Norte.<\/p>\n<p><span style=\"color: #ffffff;\"><\/span><\/p>\t\t\t\t\t\t\t\t<\/div>\n\t\t\t\t<\/div>\n\t\t\t\t\t<\/div>\n\t\t<\/div>\n\t\t\t\t<div class=\"elementor-column elementor-col-50 elementor-inner-column elementor-element elementor-element-44ad197a\" data-id=\"44ad197a\" data-element_type=\"column\" data-e-type=\"column\" data-settings=\"{&quot;background_background&quot;:&quot;classic&quot;}\">\n\t\t\t<div class=\"elementor-widget-wrap elementor-element-populated\">\n\t\t\t\t\t\t<div class=\"elementor-element elementor-element-c9a7374 elementor-widget elementor-widget-heading\" data-id=\"c9a7374\" data-element_type=\"widget\" data-e-type=\"widget\" data-widget_type=\"heading.default\">\n\t\t\t\t<div class=\"elementor-widget-container\">\n\t\t\t\t\t<h5 class=\"elementor-heading-title elementor-size-default\">El acceso a la informaci\u00f3n es un derecho, aprende a ejercerlo con responsabilidad.<\/h5>\t\t\t\t<\/div>\n\t\t\t\t<\/div>\n\t\t\t\t<div class=\"elementor-element elementor-element-97fc593 elementor-tablet-align-left elementor-widget elementor-widget-button\" data-id=\"97fc593\" data-element_type=\"widget\" data-e-type=\"widget\" data-widget_type=\"button.default\">\n\t\t\t\t<div class=\"elementor-widget-container\">\n\t\t\t\t\t\t\t\t\t<div class=\"elementor-button-wrapper\">\n\t\t\t\t\t<a class=\"elementor-button elementor-button-link elementor-size-xl\" href=\"https:\/\/fakespottingproject.eu\/es\/courses\/fakespotting-training\/\">\n\t\t\t\t\t\t<span class=\"elementor-button-content-wrapper\">\n\t\t\t\t\t\t<span class=\"elementor-button-icon\">\n\t\t\t\t<i aria-hidden=\"true\" class=\"far fa-arrow-alt-circle-right\"><\/i>\t\t\t<\/span>\n\t\t\t\t\t\t\t\t\t<span class=\"elementor-button-text\">Ll\u00e9vame al curso<\/span>\n\t\t\t\t\t<\/span>\n\t\t\t\t\t<\/a>\n\t\t\t\t<\/div>\n\t\t\t\t\t\t\t\t<\/div>\n\t\t\t\t<\/div>\n\t\t\t\t\t<\/div>\n\t\t<\/div>\n\t\t\t\t\t<\/div>\n\t\t<\/section>\n\t\t\t\t<section class=\"elementor-section elementor-inner-section elementor-element elementor-element-486f8e7 elementor-section-boxed elementor-section-height-default elementor-section-height-default\" data-id=\"486f8e7\" data-element_type=\"section\" data-e-type=\"section\">\n\t\t\t\t\t\t<div class=\"elementor-container elementor-column-gap-default\">\n\t\t\t\t\t<div class=\"elementor-column elementor-col-50 elementor-inner-column elementor-element elementor-element-09cd728\" data-id=\"09cd728\" data-element_type=\"column\" data-e-type=\"column\" data-settings=\"{&quot;background_background&quot;:&quot;classic&quot;}\">\n\t\t\t<div class=\"elementor-widget-wrap elementor-element-populated\">\n\t\t\t\t\t\t<div class=\"elementor-element elementor-element-7bdaf3d elementor-widget elementor-widget-shortcode\" data-id=\"7bdaf3d\" data-element_type=\"widget\" data-e-type=\"widget\" data-widget_type=\"shortcode.default\">\n\t\t\t\t<div class=\"elementor-widget-container\">\n\t\t\t\t\t\t\t<div class=\"elementor-shortcode\"><div class=\"learnpress\">\r\n<div class=\"learn-press-form-login learn-press-form\">\r\n\r\n\t<h3>Acceder<\/h3>\r\n\r\n\t\r\n\t<form name=\"learn-press-login\" method=\"post\" action=\"\" data-trp-original-action=\"\">\r\n\r\n\t\t\r\n\t\t<ul class=\"form-fields\">\r\n\t\t\t<li class=\"form-field\">\r\n\t\t\t\t<label for=\"username\">Nombre de usuario o correo electr\u00f3nico&nbsp;<span class=\"required\">*<\/span><\/label>\r\n\t\t\t\t<input type=\"text\" name=\"username\" id=\"username\" placeholder=\"Correo electr\u00f3nico o nombre de usuario\" autocomplete=\"username\" \/>\r\n\t\t\t<\/li>\r\n\t\t\t<li class=\"form-field\">\r\n\t\t\t\t<label for=\"password\">Contrase\u00f1a&nbsp;<span class=\"required\">*<\/span><\/label>\r\n\t\t\t\t<input type=\"password\" name=\"password\" id=\"password\" placeholder=\"Contrase\u00f1a\" autocomplete=\"current-password\" \/>\r\n\t\t\t<\/li>\r\n\t\t<\/ul>\r\n\r\n\t\t\t\t<p>\r\n\t\t\t<label>\r\n\t\t\t\t<input type=\"checkbox\" name=\"rememberme\"\/>\r\n\t\t\t\tRecu\u00e9rdame\t\t\t<\/label>\r\n\t\t<\/p>\r\n\r\n\t\t<div class=\"g-recaptcha\" style=\"transform: scale(0.9); -webkit-transform: scale(0.9); transform-origin: 0 0; -webkit-transform-origin: 0 0;\" data-sitekey=\"6LfoCPgqAAAAAMGsKb0L1bRvUVVp3B7d7NChQExi\"><\/div><div id='wpcaptcha-protected-by' style='display: block; clear: both; padding-top: 20px; text-align: center;''>Formulario de acceso protegido por <a target='_blank' href='https:\/\/getwpcaptcha.com\/'>WP Captcha<\/a><\/div><script>\r\n            document.addEventListener(\"DOMContentLoaded\", function() {\r\n                document.querySelector(\"#loginform\").append(document.querySelector(\"#wpcaptcha-protected-by\"));\r\n            });\r\n            <\/script><input type=\"hidden\" id=\"wpa_initiator\" class=\"wpa_initiator\" name=\"wpa_initiator\" value=\"\" \/>\r\n\t\t<p>\r\n\t\t\t<input type=\"hidden\" name=\"learn-press-login-nonce\" value=\"de4a9f43f0\">\r\n\t\t\t<button type=\"submit\">Iniciar sesi\u00f3n<\/button>\r\n\t\t<\/p>\r\n\t\t<p>\r\n\t\t\t<a href=\"https:\/\/fakespottingproject.eu\/wp-login.php?action=lostpassword\">\u00bfPerdiste tu contrase\u00f1a?<\/a>\r\n\t\t<\/p>\r\n\t<input type=\"hidden\" name=\"trp-form-language\" value=\"es\"\/><\/form>\r\n\r\n\t\r\n<\/div>\r\n<\/div><\/div>\n\t\t\t\t\t\t<\/div>\n\t\t\t\t<\/div>\n\t\t\t\t\t<\/div>\n\t\t<\/div>\n\t\t\t\t<div class=\"elementor-column elementor-col-50 elementor-inner-column elementor-element elementor-element-356f38c\" data-id=\"356f38c\" data-element_type=\"column\" data-e-type=\"column\" data-settings=\"{&quot;background_background&quot;:&quot;classic&quot;}\">\n\t\t\t<div class=\"elementor-widget-wrap elementor-element-populated\">\n\t\t\t\t\t\t<div class=\"elementor-element elementor-element-d5ecbe9 elementor-widget elementor-widget-shortcode\" data-id=\"d5ecbe9\" data-element_type=\"widget\" data-e-type=\"widget\" data-widget_type=\"shortcode.default\">\n\t\t\t\t<div class=\"elementor-widget-container\">\n\t\t\t\t\t\t\t<div class=\"elementor-shortcode\"><div class=\"learnpress\">\r\n\r\n<div class=\"learn-press-form-register learn-press-form\">\r\n\r\n\t<h3>Registro<\/h3>\r\n\r\n\t\r\n\t<form name=\"learn-press-register\" method=\"post\" action=\"\" data-trp-original-action=\"\">\r\n\r\n\t\t<ul class=\"form-fields\">\r\n\r\n\t\t\t\r\n\t\t\t<li class=\"form-field\">\r\n\t\t\t\t<label for=\"reg_email\">Direcci\u00f3n de correo electr\u00f3nico&nbsp;<span class=\"required\">*<\/span><\/label>\r\n\t\t\t\t<input id =\"reg_email\" name=\"reg_email\" type=\"text\" placeholder=\"Correo electr\u00f3nico\" autocomplete=\"email\" value=\"\">\r\n\t\t\t<\/li>\r\n\t\t\t<li class=\"form-field\">\r\n\t\t\t\t<label for=\"reg_username\">Nombre de usuario&nbsp;<span class=\"required\">*<\/span><\/label>\r\n\t\t\t\t<input id =\"reg_username\" name=\"reg_username\" type=\"text\" placeholder=\"Nombre de usuario\" autocomplete=\"username\" value=\"\">\r\n\t\t\t<\/li>\r\n\t\t\t<li class=\"form-field\">\r\n\t\t\t\t<label for=\"reg_password\">Contrase\u00f1a&nbsp;<span class=\"required\">*<\/span><\/label>\r\n\t\t\t\t<input id =\"reg_password\" name=\"reg_password\" type=\"password\" placeholder=\"Contrase\u00f1a\" autocomplete=\"new-password\">\r\n\t\t\t<\/li>\r\n\t\t\t<li class=\"form-field\">\r\n\t\t\t\t<label for=\"reg_password2\">Confirmar la contrase\u00f1a&nbsp;<span class=\"required\">*<\/span><\/label>\r\n\t\t\t\t<input id =\"reg_password2\" name=\"reg_password2\" type=\"password\" placeholder=\"Contrase\u00f1a\" autocomplete=\"off\">\r\n\t\t\t<\/li>\r\n\r\n\t\t\t\t\r\n\t\t\t\t<\/ul>\r\n\r\n\t\t<div class=\"g-recaptcha\" style=\"transform: scale(0.9); -webkit-transform: scale(0.9); transform-origin: 0 0; -webkit-transform-origin: 0 0;\" data-sitekey=\"6LfoCPgqAAAAAMGsKb0L1bRvUVVp3B7d7NChQExi\"><\/div><input type=\"hidden\" id=\"wpa_initiator\" class=\"wpa_initiator\" name=\"wpa_initiator\" value=\"\" \/>\r\n\t\t<p>\r\n\t\t\t<input type=\"hidden\" id=\"learn-press-register-nonce\" name=\"learn-press-register-nonce\" value=\"928545ea3c\" \/><input type=\"hidden\" name=\"_wp_http_referer\" value=\"\/es\/wp-json\/wp\/v2\/pages\/255\" \/>\t\t\t<button type=\"submit\">Registrarse<\/button>\r\n\t\t<\/p>\r\n\r\n\t<input type=\"hidden\" name=\"trp-form-language\" value=\"es\"\/><\/form>\r\n\r\n\t\r\n<\/div>\r\n<\/div><\/div>\n\t\t\t\t\t\t<\/div>\n\t\t\t\t<\/div>\n\t\t\t\t\t<\/div>\n\t\t<\/div>\n\t\t\t\t\t<\/div>\n\t\t<\/section>\n\t\t\t\t\t<\/div>\n\t\t<\/div>\n\t\t\t\t\t<\/div>\n\t\t<\/section>\n\t\t\t\t<\/div>","protected":false},"excerpt":{"rendered":"<p>Welcome to the Fakespotting training! Through its 6 modules, you will learn what disinformation is, how to detect it, and [&hellip;]<\/p>\n","protected":false},"author":4899,"featured_media":0,"parent":0,"menu_order":0,"comment_status":"closed","ping_status":"closed","template":"","meta":{"site-sidebar-layout":"no-sidebar","site-content-layout":"page-builder","ast-site-content-layout":"full-width-container","site-content-style":"unboxed","site-sidebar-style":"unboxed","ast-global-header-display":"","ast-banner-title-visibility":"","ast-main-header-display":"","ast-hfb-above-header-display":"","ast-hfb-below-header-display":"","ast-hfb-mobile-header-display":"","site-post-title":"disabled","ast-breadcrumbs-content":"","ast-featured-img":"disabled","footer-sml-layout":"","ast-disable-related-posts":"","theme-transparent-header-meta":"","adv-header-id-meta":"","stick-header-meta":"","header-above-stick-meta":"","header-main-stick-meta":"","header-below-stick-meta":"","astra-migrate-meta-layouts":"set","ast-page-background-enabled":"default","ast-page-background-meta":{"desktop":{"background-color":"","background-image":"","background-repeat":"repeat","background-position":"center center","background-size":"auto","background-attachment":"scroll","background-type":"","background-media":"","overlay-type":"","overlay-color":"","overlay-opacity":"","overlay-gradient":""},"tablet":{"background-color":"","background-image":"","background-repeat":"repeat","background-position":"center center","background-size":"auto","background-attachment":"scroll","background-type":"","background-media":"","overlay-type":"","overlay-color":"","overlay-opacity":"","overlay-gradient":""},"mobile":{"background-color":"","background-image":"","background-repeat":"repeat","background-position":"center center","background-size":"auto","background-attachment":"scroll","background-type":"","background-media":"","overlay-type":"","overlay-color":"","overlay-opacity":"","overlay-gradient":""}},"ast-content-background-meta":{"desktop":{"background-color":"var(--ast-global-color-5)","background-image":"","background-repeat":"repeat","background-position":"center center","background-size":"auto","background-attachment":"scroll","background-type":"","background-media":"","overlay-type":"","overlay-color":"","overlay-opacity":"","overlay-gradient":""},"tablet":{"background-color":"var(--ast-global-color-5)","background-image":"","background-repeat":"repeat","background-position":"center center","background-size":"auto","background-attachment":"scroll","background-type":"","background-media":"","overlay-type":"","overlay-color":"","overlay-opacity":"","overlay-gradient":""},"mobile":{"background-color":"var(--ast-global-color-5)","background-image":"","background-repeat":"repeat","background-position":"center center","background-size":"auto","background-attachment":"scroll","background-type":"","background-media":"","overlay-type":"","overlay-color":"","overlay-opacity":"","overlay-gradient":""}},"footnotes":""},"class_list":["post-255","page","type-page","status-publish","hentry"],"_links":{"self":[{"href":"https:\/\/fakespottingproject.eu\/es\/wp-json\/wp\/v2\/pages\/255","targetHints":{"allow":["GET"]}}],"collection":[{"href":"https:\/\/fakespottingproject.eu\/es\/wp-json\/wp\/v2\/pages"}],"about":[{"href":"https:\/\/fakespottingproject.eu\/es\/wp-json\/wp\/v2\/types\/page"}],"author":[{"embeddable":true,"href":"https:\/\/fakespottingproject.eu\/es\/wp-json\/wp\/v2\/users\/4899"}],"replies":[{"embeddable":true,"href":"https:\/\/fakespottingproject.eu\/es\/wp-json\/wp\/v2\/comments?post=255"}],"version-history":[{"count":161,"href":"https:\/\/fakespottingproject.eu\/es\/wp-json\/wp\/v2\/pages\/255\/revisions"}],"predecessor-version":[{"id":3076,"href":"https:\/\/fakespottingproject.eu\/es\/wp-json\/wp\/v2\/pages\/255\/revisions\/3076"}],"wp:attachment":[{"href":"https:\/\/fakespottingproject.eu\/es\/wp-json\/wp\/v2\/media?parent=255"}],"curies":[{"name":"wp","href":"https:\/\/api.w.org\/{rel}","templated":true}]}}