{"id":14172,"date":"2026-01-23T13:18:40","date_gmt":"2026-01-23T13:18:40","guid":{"rendered":"https:\/\/fakespottingproject.eu\/?page_id=14172"},"modified":"2026-01-23T13:54:16","modified_gmt":"2026-01-23T13:54:16","slug":"lp-checkout","status":"publish","type":"page","link":"https:\/\/fakespottingproject.eu\/sq\/lp-checkout\/","title":{"rendered":"P\u00ebrfundimi"},"content":{"rendered":"<div data-elementor-type=\"wp-page\" data-elementor-id=\"14172\" class=\"elementor elementor-14172\">\n\t\t\t\t\t\t<section class=\"elementor-section elementor-top-section elementor-element elementor-element-dcb1c5b elementor-section-boxed elementor-section-height-default elementor-section-height-default\" data-id=\"dcb1c5b\" data-element_type=\"section\" data-e-type=\"section\">\n\t\t\t\t\t\t<div class=\"elementor-container elementor-column-gap-default\">\n\t\t\t\t\t<div class=\"elementor-column elementor-col-100 elementor-top-column elementor-element elementor-element-111f09a\" data-id=\"111f09a\" data-element_type=\"column\" data-e-type=\"column\">\n\t\t\t<div class=\"elementor-widget-wrap elementor-element-populated\">\n\t\t\t\t\t\t<div class=\"elementor-element elementor-element-14673eb elementor-widget elementor-widget-heading\" data-id=\"14673eb\" data-element_type=\"widget\" data-e-type=\"widget\" data-widget_type=\"heading.default\">\n\t\t\t\t<div class=\"elementor-widget-container\">\n\t\t\t\t\t<h2 class=\"elementor-heading-title elementor-size-default\">CHECKOUT<\/h2>\t\t\t\t<\/div>\n\t\t\t\t<\/div>\n\t\t\t\t\t<\/div>\n\t\t<\/div>\n\t\t\t\t\t<\/div>\n\t\t<\/section>\n\t\t\t\t<section class=\"elementor-section elementor-top-section elementor-element elementor-element-001c8b1 elementor-section-boxed elementor-section-height-default elementor-section-height-default\" data-id=\"001c8b1\" data-element_type=\"section\" data-e-type=\"section\">\n\t\t\t\t\t\t<div class=\"elementor-container elementor-column-gap-default\">\n\t\t\t\t\t<div class=\"elementor-column elementor-col-50 elementor-top-column elementor-element elementor-element-299c7f5\" data-id=\"299c7f5\" data-element_type=\"column\" data-e-type=\"column\">\n\t\t\t<div class=\"elementor-widget-wrap elementor-element-populated\">\n\t\t\t\t\t\t<div class=\"elementor-element elementor-element-991910e elementor-widget elementor-widget-learnpress_register_form\" data-id=\"991910e\" data-element_type=\"widget\" data-e-type=\"widget\" data-widget_type=\"learnpress_register_form.default\">\n\t\t\t\t<div class=\"elementor-widget-container\">\n\t\t\t\t\t\r\n<div class=\"learn-press-form-register learn-press-form\">\r\n\r\n\t<h3>Regjistrohu<\/h3>\r\n\r\n\t\r\n\t<form name=\"learn-press-register\" method=\"post\" action=\"\" data-trp-original-action=\"\">\r\n\r\n\t\t<ul class=\"form-fields\">\r\n\r\n\t\t\t\r\n\t\t\t<li class=\"form-field\">\r\n\t\t\t\t<label for=\"reg_email\">Adresa e emailit&nbsp;<span class=\"required\">*<\/span><\/label>\r\n\t\t\t\t<input id =\"reg_email\" name=\"reg_email\" type=\"text\" placeholder=\"Email\" autocomplete=\"email\" value=\"\">\r\n\t\t\t<\/li>\r\n\t\t\t<li class=\"form-field\">\r\n\t\t\t\t<label for=\"reg_username\">Emri i p\u00ebrdoruesit&nbsp;<span class=\"required\">*<\/span><\/label>\r\n\t\t\t\t<input id =\"reg_username\" name=\"reg_username\" type=\"text\" placeholder=\"Emri i p\u00ebrdoruesit\" autocomplete=\"username\" value=\"\">\r\n\t\t\t<\/li>\r\n\t\t\t<li class=\"form-field\">\r\n\t\t\t\t<label for=\"reg_password\">Fjal\u00ebkalimi&nbsp;<span class=\"required\">*<\/span><\/label>\r\n\t\t\t\t<input id =\"reg_password\" name=\"reg_password\" type=\"password\" placeholder=\"Fjal\u00ebkalimi\" autocomplete=\"new-password\">\r\n\t\t\t<\/li>\r\n\t\t\t<li class=\"form-field\">\r\n\t\t\t\t<label for=\"reg_password2\">Konfirmo fjal\u00ebkalimin&nbsp;<span class=\"required\">*<\/span><\/label>\r\n\t\t\t\t<input id =\"reg_password2\" name=\"reg_password2\" type=\"password\" placeholder=\"Fjal\u00ebkalimi\" autocomplete=\"off\">\r\n\t\t\t<\/li>\r\n\r\n\t\t\t\t\r\n\t\t\t\t<\/ul>\r\n\r\n\t\t<div class=\"g-recaptcha\" style=\"transform: scale(0.9); -webkit-transform: scale(0.9); transform-origin: 0 0; -webkit-transform-origin: 0 0;\" data-sitekey=\"6LfoCPgqAAAAAMGsKb0L1bRvUVVp3B7d7NChQExi\"><\/div><input type=\"hidden\" id=\"wpa_initiator\" class=\"wpa_initiator\" name=\"wpa_initiator\" value=\"\" \/>\r\n\t\t<p>\r\n\t\t\t<input type=\"hidden\" id=\"learn-press-register-nonce\" name=\"learn-press-register-nonce\" value=\"a4a25463f4\" \/><input type=\"hidden\" name=\"_wp_http_referer\" value=\"\/sq\/wp-json\/wp\/v2\/pages\/14172\" \/>\t\t\t<button type=\"submit\">Regjistrohu<\/button>\r\n\t\t<\/p>\r\n\r\n\t<input type=\"hidden\" name=\"trp-form-language\" value=\"sq\"\/><\/form>\r\n\r\n\t\r\n<\/div>\r\n\t\t\t\t<\/div>\n\t\t\t\t<\/div>\n\t\t\t\t\t<\/div>\n\t\t<\/div>\n\t\t\t\t<div class=\"elementor-column elementor-col-50 elementor-top-column elementor-element elementor-element-d48d13a\" data-id=\"d48d13a\" data-element_type=\"column\" data-e-type=\"column\">\n\t\t\t<div class=\"elementor-widget-wrap elementor-element-populated\">\n\t\t\t\t\t\t<div class=\"elementor-element elementor-element-62ae045 elementor-widget elementor-widget-learnpress_login_form\" data-id=\"62ae045\" data-element_type=\"widget\" data-e-type=\"widget\" data-widget_type=\"learnpress_login_form.default\">\n\t\t\t\t<div class=\"elementor-widget-container\">\n\t\t\t\t\t\r\n<div class=\"learn-press-form-login learn-press-form\">\r\n\r\n\t<h3>Identifikohu<\/h3>\r\n\r\n\t\r\n\t<form name=\"learn-press-login\" method=\"post\" action=\"\" data-trp-original-action=\"\">\r\n\r\n\t\t\r\n\t\t<ul class=\"form-fields\">\r\n\t\t\t<li class=\"form-field\">\r\n\t\t\t\t<label for=\"username\">Emrin e p\u00ebrdoruesit ose email&nbsp;<span class=\"required\">*<\/span><\/label>\r\n\t\t\t\t<input type=\"text\" name=\"username\" id=\"username\" placeholder=\"Email ose emrin e p\u00ebrdoruesit\" autocomplete=\"username\" \/>\r\n\t\t\t<\/li>\r\n\t\t\t<li class=\"form-field\">\r\n\t\t\t\t<label for=\"password\">Fjal\u00ebkalimi&nbsp;<span class=\"required\">*<\/span><\/label>\r\n\t\t\t\t<input type=\"password\" name=\"password\" id=\"password\" placeholder=\"Fjal\u00ebkalimi\" autocomplete=\"current-password\" \/>\r\n\t\t\t<\/li>\r\n\t\t<\/ul>\r\n\r\n\t\t\t\t<p>\r\n\t\t\t<label>\r\n\t\t\t\t<input type=\"checkbox\" name=\"rememberme\"\/>\r\n\t\t\t\tM\u00eb kujto mua\t\t\t<\/label>\r\n\t\t<\/p>\r\n\r\n\t\t<div class=\"g-recaptcha\" style=\"transform: scale(0.9); -webkit-transform: scale(0.9); transform-origin: 0 0; -webkit-transform-origin: 0 0;\" data-sitekey=\"6LfoCPgqAAAAAMGsKb0L1bRvUVVp3B7d7NChQExi\"><\/div><div id='wpcaptcha-protected-by' style='display: block; clear: both; padding-top: 20px; text-align: center;''>Login form protected by <a target='_blank' href='https:\/\/getwpcaptcha.com\/'>WP Captcha<\/a><\/div><script>\r\n            document.addEventListener(\"DOMContentLoaded\", function() {\r\n                document.querySelector(\"#loginform\").append(document.querySelector(\"#wpcaptcha-protected-by\"));\r\n            });\r\n            <\/script><input type=\"hidden\" id=\"wpa_initiator\" class=\"wpa_initiator\" name=\"wpa_initiator\" value=\"\" \/>\r\n\t\t<p>\r\n\t\t\t<input type=\"hidden\" name=\"learn-press-login-nonce\" value=\"400cb0e214\">\r\n\t\t\t<button type=\"submit\">Identifikohu<\/button>\r\n\t\t<\/p>\r\n\t\t<p>\r\n\t\t\t<a href=\"https:\/\/fakespottingproject.eu\/wp-login.php?action=lostpassword\">Keni humbur fjal\u00ebkalimin tuaj?<\/a>\r\n\t\t<\/p>\r\n\t<input type=\"hidden\" name=\"trp-form-language\" value=\"sq\"\/><\/form>\r\n\r\n\t\r\n<\/div>\r\n\t\t\t\t<\/div>\n\t\t\t\t<\/div>\n\t\t\t\t\t<\/div>\n\t\t<\/div>\n\t\t\t\t\t<\/div>\n\t\t<\/section>\n\t\t\t\t<section class=\"elementor-section elementor-top-section elementor-element elementor-element-3f7dddd elementor-section-boxed elementor-section-height-default elementor-section-height-default\" data-id=\"3f7dddd\" data-element_type=\"section\" data-e-type=\"section\">\n\t\t\t\t\t\t<div class=\"elementor-container elementor-column-gap-default\">\n\t\t\t\t\t<div class=\"elementor-column elementor-col-100 elementor-top-column elementor-element elementor-element-9c5fc4e\" data-id=\"9c5fc4e\" data-element_type=\"column\" data-e-type=\"column\">\n\t\t\t<div class=\"elementor-widget-wrap elementor-element-populated\">\n\t\t\t\t\t\t<div class=\"elementor-element elementor-element-fefbd0c elementor-tablet-align-left elementor-align-center elementor-widget elementor-widget-button\" data-id=\"fefbd0c\" data-element_type=\"widget\" data-e-type=\"widget\" data-widget_type=\"button.default\">\n\t\t\t\t<div class=\"elementor-widget-container\">\n\t\t\t\t\t\t\t\t\t<div class=\"elementor-button-wrapper\">\n\t\t\t\t\t<a class=\"elementor-button elementor-button-link elementor-size-xl\" href=\"https:\/\/fakespottingproject.eu\/sq\/courses\/fakespotting-training\/\">\n\t\t\t\t\t\t<span class=\"elementor-button-content-wrapper\">\n\t\t\t\t\t\t<span class=\"elementor-button-icon\">\n\t\t\t\t<i aria-hidden=\"true\" class=\"far fa-arrow-alt-circle-right\"><\/i>\t\t\t<\/span>\n\t\t\t\t\t\t\t\t\t<span class=\"elementor-button-text\">M\u00eb \u00e7oni n\u00eb kurs<\/span>\n\t\t\t\t\t<\/span>\n\t\t\t\t\t<\/a>\n\t\t\t\t<\/div>\n\t\t\t\t\t\t\t\t<\/div>\n\t\t\t\t<\/div>\n\t\t\t\t\t<\/div>\n\t\t<\/div>\n\t\t\t\t\t<\/div>\n\t\t<\/section>\n\t\t\t\t<\/div>","protected":false},"excerpt":{"rendered":"<p>CHECKOUT You are already logged in. Take me to the course<\/p>","protected":false},"author":4899,"featured_media":0,"parent":0,"menu_order":0,"comment_status":"closed","ping_status":"closed","template":"elementor_header_footer","meta":{"site-sidebar-layout":"no-sidebar","site-content-layout":"page-builder","ast-site-content-layout":"full-width-container","site-content-style":"default","site-sidebar-style":"default","ast-global-header-display":"","ast-banner-title-visibility":"","ast-main-header-display":"","ast-hfb-above-header-display":"","ast-hfb-below-header-display":"","ast-hfb-mobile-header-display":"","site-post-title":"disabled","ast-breadcrumbs-content":"","ast-featured-img":"disabled","footer-sml-layout":"","ast-disable-related-posts":"","theme-transparent-header-meta":"","adv-header-id-meta":"","stick-header-meta":"","header-above-stick-meta":"","header-main-stick-meta":"","header-below-stick-meta":"","astra-migrate-meta-layouts":"set","ast-page-background-enabled":"default","ast-page-background-meta":{"desktop":{"background-color":"","background-image":"","background-repeat":"repeat","background-position":"center center","background-size":"auto","background-attachment":"scroll","background-type":"","background-media":"","overlay-type":"","overlay-color":"","overlay-opacity":"","overlay-gradient":""},"tablet":{"background-color":"","background-image":"","background-repeat":"repeat","background-position":"center center","background-size":"auto","background-attachment":"scroll","background-type":"","background-media":"","overlay-type":"","overlay-color":"","overlay-opacity":"","overlay-gradient":""},"mobile":{"background-color":"","background-image":"","background-repeat":"repeat","background-position":"center center","background-size":"auto","background-attachment":"scroll","background-type":"","background-media":"","overlay-type":"","overlay-color":"","overlay-opacity":"","overlay-gradient":""}},"ast-content-background-meta":{"desktop":{"background-color":"var(--ast-global-color-5)","background-image":"","background-repeat":"repeat","background-position":"center center","background-size":"auto","background-attachment":"scroll","background-type":"","background-media":"","overlay-type":"","overlay-color":"","overlay-opacity":"","overlay-gradient":""},"tablet":{"background-color":"var(--ast-global-color-5)","background-image":"","background-repeat":"repeat","background-position":"center center","background-size":"auto","background-attachment":"scroll","background-type":"","background-media":"","overlay-type":"","overlay-color":"","overlay-opacity":"","overlay-gradient":""},"mobile":{"background-color":"var(--ast-global-color-5)","background-image":"","background-repeat":"repeat","background-position":"center center","background-size":"auto","background-attachment":"scroll","background-type":"","background-media":"","overlay-type":"","overlay-color":"","overlay-opacity":"","overlay-gradient":""}},"footnotes":""},"class_list":["post-14172","page","type-page","status-publish","hentry"],"_links":{"self":[{"href":"https:\/\/fakespottingproject.eu\/sq\/wp-json\/wp\/v2\/pages\/14172","targetHints":{"allow":["GET"]}}],"collection":[{"href":"https:\/\/fakespottingproject.eu\/sq\/wp-json\/wp\/v2\/pages"}],"about":[{"href":"https:\/\/fakespottingproject.eu\/sq\/wp-json\/wp\/v2\/types\/page"}],"author":[{"embeddable":true,"href":"https:\/\/fakespottingproject.eu\/sq\/wp-json\/wp\/v2\/users\/4899"}],"replies":[{"embeddable":true,"href":"https:\/\/fakespottingproject.eu\/sq\/wp-json\/wp\/v2\/comments?post=14172"}],"version-history":[{"count":14,"href":"https:\/\/fakespottingproject.eu\/sq\/wp-json\/wp\/v2\/pages\/14172\/revisions"}],"predecessor-version":[{"id":14189,"href":"https:\/\/fakespottingproject.eu\/sq\/wp-json\/wp\/v2\/pages\/14172\/revisions\/14189"}],"wp:attachment":[{"href":"https:\/\/fakespottingproject.eu\/sq\/wp-json\/wp\/v2\/media?parent=14172"}],"curies":[{"name":"wp","href":"https:\/\/api.w.org\/{rel}","templated":true}]}}