{"id":255,"date":"2022-10-03T14:13:59","date_gmt":"2022-10-03T14:13:59","guid":{"rendered":"https:\/\/fakespottingproject.eu\/?page_id=255"},"modified":"2024-02-08T22:27:55","modified_gmt":"2024-02-08T22:27:55","slug":"home","status":"publish","type":"page","link":"https:\/\/fakespottingproject.eu\/sq\/","title":{"rendered":"Sht\u00ebpi"},"content":{"rendered":"<div data-elementor-type=\"wp-page\" data-elementor-id=\"255\" class=\"elementor elementor-255\">\n\t\t\t\t\t\t<section class=\"elementor-section elementor-top-section elementor-element elementor-element-38e43c80 elementor-section-stretched elementor-section-full_width elementor-section-height-default elementor-section-height-default\" data-id=\"38e43c80\" data-element_type=\"section\" data-e-type=\"section\" data-settings=\"{&quot;stretch_section&quot;:&quot;section-stretched&quot;,&quot;background_background&quot;:&quot;classic&quot;}\">\n\t\t\t\t\t\t\t<div class=\"elementor-background-overlay\"><\/div>\n\t\t\t\t\t\t\t<div class=\"elementor-container elementor-column-gap-default\">\n\t\t\t\t\t<div class=\"elementor-column elementor-col-100 elementor-top-column elementor-element elementor-element-4c458359\" data-id=\"4c458359\" data-element_type=\"column\" data-e-type=\"column\" data-settings=\"{&quot;background_background&quot;:&quot;gradient&quot;}\">\n\t\t\t<div class=\"elementor-widget-wrap elementor-element-populated\">\n\t\t\t\t\t\t<section class=\"elementor-section elementor-inner-section elementor-element elementor-element-3a1d5ef7 elementor-section-full_width elementor-section-height-default elementor-section-height-default\" data-id=\"3a1d5ef7\" data-element_type=\"section\" data-e-type=\"section\" data-settings=\"{&quot;background_background&quot;:&quot;classic&quot;}\">\n\t\t\t\t\t\t<div class=\"elementor-container elementor-column-gap-default\">\n\t\t\t\t\t<div class=\"elementor-column elementor-col-50 elementor-inner-column elementor-element elementor-element-d20ec88\" data-id=\"d20ec88\" data-element_type=\"column\" data-e-type=\"column\" data-settings=\"{&quot;background_background&quot;:&quot;classic&quot;}\">\n\t\t\t<div class=\"elementor-widget-wrap elementor-element-populated\">\n\t\t\t\t\t\t<div class=\"elementor-element elementor-element-9541fe3 elementor-widget elementor-widget-heading\" data-id=\"9541fe3\" data-element_type=\"widget\" data-e-type=\"widget\" data-widget_type=\"heading.default\">\n\t\t\t\t<div class=\"elementor-widget-container\">\n\t\t\t\t\t<h3 class=\"elementor-heading-title elementor-size-default\">Mir\u00eb se vini n\u00eb trajnimin Fakespotting!<\/h3>\t\t\t\t<\/div>\n\t\t\t\t<\/div>\n\t\t\t\t<div class=\"elementor-element elementor-element-5231615 elementor-widget elementor-widget-text-editor\" data-id=\"5231615\" data-element_type=\"widget\" data-e-type=\"widget\" data-widget_type=\"text-editor.default\">\n\t\t\t\t<div class=\"elementor-widget-container\">\n\t\t\t\t\t\t\t\t\t<p><span style=\"color: #ffffff;\"><\/span><\/p>\n<p><span style=\"color: #ffffff;\">P\u00ebrmes k\u00ebtyre <strong>6 moduleve<\/strong>, do t\u00eb m\u00ebsoni se \u00e7far\u00eb \u00ebsht\u00eb dezinformimi, si ta zbuloni at\u00eb dhe mjetet p\u00ebr ta luftuar.<\/span><\/p>\n<p class=\"translation-block\">Ky trajnim \u00ebsht\u00eb pjes\u00eb e nj\u00eb <strong>Projekti Evropian t\u00eb programit Erasmus +<\/strong> dhe \u00ebsht\u00eb krijuar nga profesionist\u00eb t\u00eb fush\u00ebs s\u00eb informacionit, profesor\u00eb t\u00eb universiteteve dhe trajner\u00eb nga Italia, Spanja, Shqip\u00ebria, Sllovakia, Serbia dhe Maqedonia e Veriut.<\/p>\n<p><span style=\"color: #ffffff;\"><\/span><\/p>\t\t\t\t\t\t\t\t<\/div>\n\t\t\t\t<\/div>\n\t\t\t\t\t<\/div>\n\t\t<\/div>\n\t\t\t\t<div class=\"elementor-column elementor-col-50 elementor-inner-column elementor-element elementor-element-44ad197a\" data-id=\"44ad197a\" data-element_type=\"column\" data-e-type=\"column\" data-settings=\"{&quot;background_background&quot;:&quot;classic&quot;}\">\n\t\t\t<div class=\"elementor-widget-wrap elementor-element-populated\">\n\t\t\t\t\t\t<div class=\"elementor-element elementor-element-c9a7374 elementor-widget elementor-widget-heading\" data-id=\"c9a7374\" data-element_type=\"widget\" data-e-type=\"widget\" data-widget_type=\"heading.default\">\n\t\t\t\t<div class=\"elementor-widget-container\">\n\t\t\t\t\t<h5 class=\"elementor-heading-title elementor-size-default\">Qasja n\u00eb informacion \u00ebsht\u00eb nj\u00eb e drejt\u00eb, m\u00ebsoni si ta ushtroni at\u00eb me p\u00ebrgjegj\u00ebsi.<\/h5>\t\t\t\t<\/div>\n\t\t\t\t<\/div>\n\t\t\t\t<div class=\"elementor-element elementor-element-97fc593 elementor-tablet-align-left elementor-widget elementor-widget-button\" data-id=\"97fc593\" data-element_type=\"widget\" data-e-type=\"widget\" data-widget_type=\"button.default\">\n\t\t\t\t<div class=\"elementor-widget-container\">\n\t\t\t\t\t\t\t\t\t<div class=\"elementor-button-wrapper\">\n\t\t\t\t\t<a class=\"elementor-button elementor-button-link elementor-size-xl\" href=\"https:\/\/fakespottingproject.eu\/sq\/courses\/fakespotting-training\/\">\n\t\t\t\t\t\t<span class=\"elementor-button-content-wrapper\">\n\t\t\t\t\t\t<span class=\"elementor-button-icon\">\n\t\t\t\t<i aria-hidden=\"true\" class=\"far fa-arrow-alt-circle-right\"><\/i>\t\t\t<\/span>\n\t\t\t\t\t\t\t\t\t<span class=\"elementor-button-text\">M\u00eb \u00e7oni n\u00eb kurs<\/span>\n\t\t\t\t\t<\/span>\n\t\t\t\t\t<\/a>\n\t\t\t\t<\/div>\n\t\t\t\t\t\t\t\t<\/div>\n\t\t\t\t<\/div>\n\t\t\t\t\t<\/div>\n\t\t<\/div>\n\t\t\t\t\t<\/div>\n\t\t<\/section>\n\t\t\t\t<section class=\"elementor-section elementor-inner-section elementor-element elementor-element-486f8e7 elementor-section-boxed elementor-section-height-default elementor-section-height-default\" data-id=\"486f8e7\" data-element_type=\"section\" data-e-type=\"section\">\n\t\t\t\t\t\t<div class=\"elementor-container elementor-column-gap-default\">\n\t\t\t\t\t<div class=\"elementor-column elementor-col-50 elementor-inner-column elementor-element elementor-element-09cd728\" data-id=\"09cd728\" data-element_type=\"column\" data-e-type=\"column\" data-settings=\"{&quot;background_background&quot;:&quot;classic&quot;}\">\n\t\t\t<div class=\"elementor-widget-wrap elementor-element-populated\">\n\t\t\t\t\t\t<div class=\"elementor-element elementor-element-7bdaf3d elementor-widget elementor-widget-shortcode\" data-id=\"7bdaf3d\" data-element_type=\"widget\" data-e-type=\"widget\" data-widget_type=\"shortcode.default\">\n\t\t\t\t<div class=\"elementor-widget-container\">\n\t\t\t\t\t\t\t<div class=\"elementor-shortcode\"><div class=\"learnpress\">\n<div class=\"learn-press-form-login learn-press-form\">\n\n\t<h3>Identifikohu<\/h3>\n\n\t\n\t<form name=\"learn-press-login\" method=\"post\" action=\"\" data-trp-original-action=\"\">\n\n\t\t\n\t\t<ul class=\"form-fields\">\n\t\t\t<li class=\"form-field\">\n\t\t\t\t<label for=\"username\">Emrin e p\u00ebrdoruesit ose email&nbsp;<span class=\"required\">*<\/span><\/label>\n\t\t\t\t<input type=\"text\" name=\"username\" id=\"username\" placeholder=\"Email ose emrin e p\u00ebrdoruesit\" autocomplete=\"username\" \/>\n\t\t\t<\/li>\n\t\t\t<li class=\"form-field\">\n\t\t\t\t<label for=\"password\">Fjal\u00ebkalimi&nbsp;<span class=\"required\">*<\/span><\/label>\n\t\t\t\t<input type=\"password\" name=\"password\" id=\"password\" placeholder=\"Fjal\u00ebkalimi\" autocomplete=\"current-password\" \/>\n\t\t\t<\/li>\n\t\t<\/ul>\n\n\t\t\t\t<p>\n\t\t\t<label>\n\t\t\t\t<input type=\"checkbox\" name=\"rememberme\"\/>\n\t\t\t\tM\u00eb kujto mua\t\t\t<\/label>\n\t\t<\/p>\n\n\t\t<div class=\"g-recaptcha\" style=\"transform: scale(0.9); -webkit-transform: scale(0.9); transform-origin: 0 0; -webkit-transform-origin: 0 0;\" data-sitekey=\"6LfoCPgqAAAAAMGsKb0L1bRvUVVp3B7d7NChQExi\"><\/div><div id='wpcaptcha-protected-by' style='display: block; clear: both; padding-top: 20px; text-align: center;''>Login form protected by <a target='_blank' href='https:\/\/getwpcaptcha.com\/'>WP Captcha<\/a><\/div><script>\r\n            document.addEventListener(\"DOMContentLoaded\", function() {\r\n                document.querySelector(\"#loginform\").append(document.querySelector(\"#wpcaptcha-protected-by\"));\r\n            });\r\n            <\/script><input type=\"hidden\" id=\"wpa_initiator\" class=\"wpa_initiator\" name=\"wpa_initiator\" value=\"\" \/>\n\t\t<p>\n\t\t\t<input type=\"hidden\" name=\"learn-press-login-nonce\" value=\"9a2d52676e\">\n\t\t\t<button type=\"submit\">Identifikohu<\/button>\n\t\t<\/p>\n\t\t<p>\n\t\t\t<a href=\"https:\/\/fakespottingproject.eu\/wp-login.php?action=lostpassword\">Keni humbur fjal\u00ebkalimin tuaj?<\/a>\n\t\t<\/p>\n\t<input type=\"hidden\" name=\"trp-form-language\" value=\"sq\"\/><\/form>\n\n\t\n<\/div>\n<\/div><\/div>\n\t\t\t\t\t\t<\/div>\n\t\t\t\t<\/div>\n\t\t\t\t\t<\/div>\n\t\t<\/div>\n\t\t\t\t<div class=\"elementor-column elementor-col-50 elementor-inner-column elementor-element elementor-element-356f38c\" data-id=\"356f38c\" data-element_type=\"column\" data-e-type=\"column\" data-settings=\"{&quot;background_background&quot;:&quot;classic&quot;}\">\n\t\t\t<div class=\"elementor-widget-wrap elementor-element-populated\">\n\t\t\t\t\t\t<div class=\"elementor-element elementor-element-d5ecbe9 elementor-widget elementor-widget-shortcode\" data-id=\"d5ecbe9\" data-element_type=\"widget\" data-e-type=\"widget\" data-widget_type=\"shortcode.default\">\n\t\t\t\t<div class=\"elementor-widget-container\">\n\t\t\t\t\t\t\t<div class=\"elementor-shortcode\"><div class=\"learnpress\">\n\n<div class=\"learn-press-form-register learn-press-form\">\n\n\t<h3>Regjistrohu<\/h3>\n\n\t\n\t<form name=\"learn-press-register\" method=\"post\" action=\"\" data-trp-original-action=\"\">\n\n\t\t<ul class=\"form-fields\">\n\n\t\t\t\n\t\t\t<li class=\"form-field\">\n\t\t\t\t<label for=\"reg_email\">Adresa e emailit&nbsp;<span class=\"required\">*<\/span><\/label>\n\t\t\t\t<input id =\"reg_email\" name=\"reg_email\" type=\"text\" placeholder=\"Email\" autocomplete=\"email\" value=\"\">\n\t\t\t<\/li>\n\t\t\t<li class=\"form-field\">\n\t\t\t\t<label for=\"reg_username\">Emri i p\u00ebrdoruesit&nbsp;<span class=\"required\">*<\/span><\/label>\n\t\t\t\t<input id =\"reg_username\" name=\"reg_username\" type=\"text\" placeholder=\"Emri i p\u00ebrdoruesit\" autocomplete=\"username\" value=\"\">\n\t\t\t<\/li>\n\t\t\t<li class=\"form-field\">\n\t\t\t\t<label for=\"reg_password\">Fjal\u00ebkalimi&nbsp;<span class=\"required\">*<\/span><\/label>\n\t\t\t\t<input id =\"reg_password\" name=\"reg_password\" type=\"password\" placeholder=\"Fjal\u00ebkalimi\" autocomplete=\"new-password\">\n\t\t\t<\/li>\n\t\t\t<li class=\"form-field\">\n\t\t\t\t<label for=\"reg_password2\">Konfirmo fjal\u00ebkalimin&nbsp;<span class=\"required\">*<\/span><\/label>\n\t\t\t\t<input id =\"reg_password2\" name=\"reg_password2\" type=\"password\" placeholder=\"Fjal\u00ebkalimi\" autocomplete=\"off\">\n\t\t\t<\/li>\n\n\t\t\t\t\n\t\t\t\t<\/ul>\n\n\t\t<div class=\"g-recaptcha\" style=\"transform: scale(0.9); -webkit-transform: scale(0.9); transform-origin: 0 0; -webkit-transform-origin: 0 0;\" data-sitekey=\"6LfoCPgqAAAAAMGsKb0L1bRvUVVp3B7d7NChQExi\"><\/div><input type=\"hidden\" id=\"wpa_initiator\" class=\"wpa_initiator\" name=\"wpa_initiator\" value=\"\" \/>\n\t\t<p>\n\t\t\t<input type=\"hidden\" id=\"learn-press-register-nonce\" name=\"learn-press-register-nonce\" value=\"9a8fb30210\" \/><input type=\"hidden\" name=\"_wp_http_referer\" value=\"\/sq\/wp-json\/wp\/v2\/pages\/255\" \/>\t\t\t<button type=\"submit\">Regjistrohu<\/button>\n\t\t<\/p>\n\n\t<input type=\"hidden\" name=\"trp-form-language\" value=\"sq\"\/><\/form>\n\n\t\n<\/div>\n<\/div><\/div>\n\t\t\t\t\t\t<\/div>\n\t\t\t\t<\/div>\n\t\t\t\t\t<\/div>\n\t\t<\/div>\n\t\t\t\t\t<\/div>\n\t\t<\/section>\n\t\t\t\t\t<\/div>\n\t\t<\/div>\n\t\t\t\t\t<\/div>\n\t\t<\/section>\n\t\t\t\t<\/div>","protected":false},"excerpt":{"rendered":"<p>Welcome to the Fakespotting training! Through its 6 modules, you will learn what disinformation is, how to detect it, and [&hellip;]<\/p>\n","protected":false},"author":4899,"featured_media":0,"parent":0,"menu_order":0,"comment_status":"closed","ping_status":"closed","template":"","meta":{"site-sidebar-layout":"no-sidebar","site-content-layout":"page-builder","ast-site-content-layout":"full-width-container","site-content-style":"unboxed","site-sidebar-style":"unboxed","ast-global-header-display":"","ast-banner-title-visibility":"","ast-main-header-display":"","ast-hfb-above-header-display":"","ast-hfb-below-header-display":"","ast-hfb-mobile-header-display":"","site-post-title":"disabled","ast-breadcrumbs-content":"","ast-featured-img":"disabled","footer-sml-layout":"","ast-disable-related-posts":"","theme-transparent-header-meta":"","adv-header-id-meta":"","stick-header-meta":"","header-above-stick-meta":"","header-main-stick-meta":"","header-below-stick-meta":"","astra-migrate-meta-layouts":"set","ast-page-background-enabled":"default","ast-page-background-meta":{"desktop":{"background-color":"","background-image":"","background-repeat":"repeat","background-position":"center center","background-size":"auto","background-attachment":"scroll","background-type":"","background-media":"","overlay-type":"","overlay-color":"","overlay-opacity":"","overlay-gradient":""},"tablet":{"background-color":"","background-image":"","background-repeat":"repeat","background-position":"center center","background-size":"auto","background-attachment":"scroll","background-type":"","background-media":"","overlay-type":"","overlay-color":"","overlay-opacity":"","overlay-gradient":""},"mobile":{"background-color":"","background-image":"","background-repeat":"repeat","background-position":"center center","background-size":"auto","background-attachment":"scroll","background-type":"","background-media":"","overlay-type":"","overlay-color":"","overlay-opacity":"","overlay-gradient":""}},"ast-content-background-meta":{"desktop":{"background-color":"var(--ast-global-color-5)","background-image":"","background-repeat":"repeat","background-position":"center center","background-size":"auto","background-attachment":"scroll","background-type":"","background-media":"","overlay-type":"","overlay-color":"","overlay-opacity":"","overlay-gradient":""},"tablet":{"background-color":"var(--ast-global-color-5)","background-image":"","background-repeat":"repeat","background-position":"center center","background-size":"auto","background-attachment":"scroll","background-type":"","background-media":"","overlay-type":"","overlay-color":"","overlay-opacity":"","overlay-gradient":""},"mobile":{"background-color":"var(--ast-global-color-5)","background-image":"","background-repeat":"repeat","background-position":"center center","background-size":"auto","background-attachment":"scroll","background-type":"","background-media":"","overlay-type":"","overlay-color":"","overlay-opacity":"","overlay-gradient":""}},"footnotes":""},"class_list":["post-255","page","type-page","status-publish","hentry"],"_links":{"self":[{"href":"https:\/\/fakespottingproject.eu\/sq\/wp-json\/wp\/v2\/pages\/255","targetHints":{"allow":["GET"]}}],"collection":[{"href":"https:\/\/fakespottingproject.eu\/sq\/wp-json\/wp\/v2\/pages"}],"about":[{"href":"https:\/\/fakespottingproject.eu\/sq\/wp-json\/wp\/v2\/types\/page"}],"author":[{"embeddable":true,"href":"https:\/\/fakespottingproject.eu\/sq\/wp-json\/wp\/v2\/users\/4899"}],"replies":[{"embeddable":true,"href":"https:\/\/fakespottingproject.eu\/sq\/wp-json\/wp\/v2\/comments?post=255"}],"version-history":[{"count":161,"href":"https:\/\/fakespottingproject.eu\/sq\/wp-json\/wp\/v2\/pages\/255\/revisions"}],"predecessor-version":[{"id":3076,"href":"https:\/\/fakespottingproject.eu\/sq\/wp-json\/wp\/v2\/pages\/255\/revisions\/3076"}],"wp:attachment":[{"href":"https:\/\/fakespottingproject.eu\/sq\/wp-json\/wp\/v2\/media?parent=255"}],"curies":[{"name":"wp","href":"https:\/\/api.w.org\/{rel}","templated":true}]}}